{"id":9038,"date":"2018-07-03T17:41:40","date_gmt":"2018-07-03T17:41:40","guid":{"rendered":"https:\/\/laatomica.com.ar\/?page_id=9038"},"modified":"2023-06-05T15:52:47","modified_gmt":"2023-06-05T18:52:47","slug":"columnas-de-alumbrado","status":"publish","type":"page","link":"https:\/\/staging.laatomica.com.ar\/index.php\/columnas-de-alumbrado\/","title":{"rendered":"Columnas de alumbrado"},"content":{"rendered":"\t\t<div data-elementor-type=\"wp-page\" data-elementor-id=\"9038\" class=\"elementor elementor-9038\">\n\t\t\t\t\t\t<div class=\"elementor-inner\">\n\t\t\t\t<div class=\"elementor-section-wrap\">\n\t\t\t\t\t\t\t\t\t<section class=\"elementor-section elementor-top-section elementor-element elementor-element-486e4e1c elementor-section-boxed elementor-section-height-default elementor-section-height-default\" data-id=\"486e4e1c\" data-element_type=\"section\">\n\t\t\t\t\t\t<div class=\"elementor-container elementor-column-gap-default\">\n\t\t\t\t\t\t\t<div class=\"elementor-row\">\n\t\t\t\t\t<div class=\"elementor-column elementor-col-100 elementor-top-column elementor-element elementor-element-765d1887\" data-id=\"765d1887\" data-element_type=\"column\">\n\t\t\t<div class=\"elementor-column-wrap elementor-element-populated\">\n\t\t\t\t\t\t\t<div class=\"elementor-widget-wrap\">\n\t\t\t\t\t\t<div class=\"elementor-element elementor-element-577a10fe elementor-widget elementor-widget-text-editor\" data-id=\"577a10fe\" data-element_type=\"widget\" data-widget_type=\"text-editor.default\">\n\t\t\t\t<div class=\"elementor-widget-container\">\n\t\t\t\t\t\t\t\t<div class=\"elementor-text-editor elementor-clearfix\">\n\t\t\t\t<p>Nuestra trayectoria y constante capacitaci\u00f3n nos permiten desarrollar nuevos productos y expandirnos hacia nuevos rubros metal\u00fargicos.<br \/>Es por ello que hemos creado una nueva l\u00ednea de producci\u00f3n para productos especiales.<\/p>\t\t\t\t\t<\/div>\n\t\t\t\t\t\t<\/div>\n\t\t\t\t<\/div>\n\t\t\t\t\t\t<\/div>\n\t\t\t\t\t<\/div>\n\t\t<\/div>\n\t\t\t\t\t\t\t\t<\/div>\n\t\t\t\t\t<\/div>\n\t\t<\/section>\n\t\t\t\t\t\t\t\t\t<\/div>\n\t\t\t<\/div>\n\t\t\t\t\t<\/div>\n\t\t","protected":false},"excerpt":{"rendered":"<p>Nuestra trayectoria y constante capacitaci\u00f3n nos permiten desarrollar nuevos productos y expandirnos hacia nuevos rubros metal\u00fargicos.Es por ello que hemos creado una nueva l\u00ednea de producci\u00f3n para productos especiales.<\/p>\n","protected":false},"author":1,"featured_media":0,"parent":0,"menu_order":0,"comment_status":"closed","ping_status":"closed","template":"","meta":[],"_links":{"self":[{"href":"https:\/\/staging.laatomica.com.ar\/index.php\/wp-json\/wp\/v2\/pages\/9038"}],"collection":[{"href":"https:\/\/staging.laatomica.com.ar\/index.php\/wp-json\/wp\/v2\/pages"}],"about":[{"href":"https:\/\/staging.laatomica.com.ar\/index.php\/wp-json\/wp\/v2\/types\/page"}],"author":[{"embeddable":true,"href":"https:\/\/staging.laatomica.com.ar\/index.php\/wp-json\/wp\/v2\/users\/1"}],"replies":[{"embeddable":true,"href":"https:\/\/staging.laatomica.com.ar\/index.php\/wp-json\/wp\/v2\/comments?post=9038"}],"version-history":[{"count":9,"href":"https:\/\/staging.laatomica.com.ar\/index.php\/wp-json\/wp\/v2\/pages\/9038\/revisions"}],"predecessor-version":[{"id":9575,"href":"https:\/\/staging.laatomica.com.ar\/index.php\/wp-json\/wp\/v2\/pages\/9038\/revisions\/9575"}],"wp:attachment":[{"href":"https:\/\/staging.laatomica.com.ar\/index.php\/wp-json\/wp\/v2\/media?parent=9038"}],"curies":[{"name":"wp","href":"https:\/\/api.w.org\/{rel}","templated":true}]}}