{"id":9048,"date":"2018-07-03T18:31:33","date_gmt":"2018-07-03T18:31:33","guid":{"rendered":"https:\/\/laatomica.com.ar\/?page_id=9048"},"modified":"2023-05-09T22:44:27","modified_gmt":"2023-05-10T01:44:27","slug":"productos-randon","status":"publish","type":"page","link":"https:\/\/staging.laatomica.com.ar\/index.php\/productos-randon\/","title":{"rendered":"Productos RANDON"},"content":{"rendered":"<p>Nos complace ser los representantes oficiales de los productos RANDON en nuestro pa\u00eds.<\/p>\n<p>RANDON es una marca l\u00edder a nivel mundial, con una trayectoria de m\u00e1s de 60 a\u00f1os y presencia en m\u00e1s de 50 pa\u00edses. Ofrece una amplia gama de equipos para todo tipo de transporte, adaptados a las diversas geograf\u00edas de nuestro planeta.<\/p>\n<p>M\u00e1s de 300.000 equipos RANDON transitan por las rutas del mundo, construidos para transportar cargas generales, l\u00edquidas e indivisibles. La marca se distingue por su reconocida red de postventa en varios pa\u00edses de Sudam\u00e9rica, as\u00ed como por contar con mec\u00e1nicos especializados en nuestro propio pa\u00eds.<\/p>\n<p>Nos enorgullece ofrecerle estos productos de reconocida calidad internacional, con planes de venta ajustados a sus necesidades. Usted tiene acceso a equipos confiables respaldados por una importante red de concesionarios y distribuidores en toda Argentina.<\/p>\n","protected":false},"excerpt":{"rendered":"<p>Nos complace ser los representantes oficiales de los productos RANDON en nuestro pa\u00eds. RANDON es una marca l\u00edder a nivel mundial, con una trayectoria de m\u00e1s de 60 a\u00f1os y presencia en m\u00e1s de 50 pa\u00edses. Ofrece una amplia gama de equipos para todo tipo de transporte, adaptados a las diversas geograf\u00edas de nuestro planeta. [&hellip;]<\/p>\n","protected":false},"author":1,"featured_media":9402,"parent":0,"menu_order":0,"comment_status":"closed","ping_status":"closed","template":"","meta":[],"_links":{"self":[{"href":"https:\/\/staging.laatomica.com.ar\/index.php\/wp-json\/wp\/v2\/pages\/9048"}],"collection":[{"href":"https:\/\/staging.laatomica.com.ar\/index.php\/wp-json\/wp\/v2\/pages"}],"about":[{"href":"https:\/\/staging.laatomica.com.ar\/index.php\/wp-json\/wp\/v2\/types\/page"}],"author":[{"embeddable":true,"href":"https:\/\/staging.laatomica.com.ar\/index.php\/wp-json\/wp\/v2\/users\/1"}],"replies":[{"embeddable":true,"href":"https:\/\/staging.laatomica.com.ar\/index.php\/wp-json\/wp\/v2\/comments?post=9048"}],"version-history":[{"count":8,"href":"https:\/\/staging.laatomica.com.ar\/index.php\/wp-json\/wp\/v2\/pages\/9048\/revisions"}],"predecessor-version":[{"id":9401,"href":"https:\/\/staging.laatomica.com.ar\/index.php\/wp-json\/wp\/v2\/pages\/9048\/revisions\/9401"}],"wp:featuredmedia":[{"embeddable":true,"href":"https:\/\/staging.laatomica.com.ar\/index.php\/wp-json\/wp\/v2\/media\/9402"}],"wp:attachment":[{"href":"https:\/\/staging.laatomica.com.ar\/index.php\/wp-json\/wp\/v2\/media?parent=9048"}],"curies":[{"name":"wp","href":"https:\/\/api.w.org\/{rel}","templated":true}]}}