{"id":9082,"date":"2018-07-07T18:44:03","date_gmt":"2018-07-07T18:44:03","guid":{"rendered":"https:\/\/laatomica.com.ar\/?page_id=9082"},"modified":"2018-07-07T18:51:50","modified_gmt":"2018-07-07T18:51:50","slug":"carrocerias-paqueteras","status":"publish","type":"page","link":"https:\/\/staging.laatomica.com.ar\/index.php\/carrocerias-paqueteras\/","title":{"rendered":"Carrocer\u00edas paqueteras"},"content":{"rendered":"<p>[vc_row][vc_column][vc_column_text]<\/p>\n<blockquote><p>Carrocer\u00eda Paquetera<\/p><\/blockquote>\n<p>Este nuevo modelo de carrocer\u00eda paquetera esta dise\u00f1ado para cargas generales y todo puertas con techo met\u00e1lico para todo tipo de camiones.[\/vc_column_text][\/vc_column][\/vc_row][vc_row][vc_column][vc_text_separator title=\u00bbCarrocer\u00edas paqueteras\u00bb i_icon_fontawesome=\u00bbfa fa-cogs\u00bb i_color=\u00bbcustom\u00bb add_icon=\u00bbtrue\u00bb i_custom_color=\u00bb#52b256&#8243;][\/vc_column][\/vc_row][vc_row][vc_column][vc_media_grid grid_id=\u00bbvc_gid:1530989359427-c1751cc96ed07a91115bc8cf2c886d75-4&#8243; include=\u00bb9019,9086,9087,9088&#8243;][\/vc_column][\/vc_row]<\/p>\n","protected":false},"excerpt":{"rendered":"<p>[vc_row][vc_column][vc_column_text] Carrocer\u00eda Paquetera Este nuevo modelo de carrocer\u00eda paquetera esta dise\u00f1ado para cargas generales y todo puertas con techo met\u00e1lico para todo tipo de camiones.[\/vc_column_text][\/vc_column][\/vc_row][vc_row][vc_column][vc_text_separator title=\u00bbCarrocer\u00edas paqueteras\u00bb i_icon_fontawesome=\u00bbfa fa-cogs\u00bb i_color=\u00bbcustom\u00bb add_icon=\u00bbtrue\u00bb i_custom_color=\u00bb#52b256&#8243;][\/vc_column][\/vc_row][vc_row][vc_column][vc_media_grid grid_id=\u00bbvc_gid:1530989359427-c1751cc96ed07a91115bc8cf2c886d75-4&#8243; include=\u00bb9019,9086,9087,9088&#8243;][\/vc_column][\/vc_row]<\/p>\n","protected":false},"author":1,"featured_media":0,"parent":0,"menu_order":0,"comment_status":"closed","ping_status":"closed","template":"","meta":[],"_links":{"self":[{"href":"https:\/\/staging.laatomica.com.ar\/index.php\/wp-json\/wp\/v2\/pages\/9082"}],"collection":[{"href":"https:\/\/staging.laatomica.com.ar\/index.php\/wp-json\/wp\/v2\/pages"}],"about":[{"href":"https:\/\/staging.laatomica.com.ar\/index.php\/wp-json\/wp\/v2\/types\/page"}],"author":[{"embeddable":true,"href":"https:\/\/staging.laatomica.com.ar\/index.php\/wp-json\/wp\/v2\/users\/1"}],"replies":[{"embeddable":true,"href":"https:\/\/staging.laatomica.com.ar\/index.php\/wp-json\/wp\/v2\/comments?post=9082"}],"version-history":[{"count":5,"href":"https:\/\/staging.laatomica.com.ar\/index.php\/wp-json\/wp\/v2\/pages\/9082\/revisions"}],"predecessor-version":[{"id":9090,"href":"https:\/\/staging.laatomica.com.ar\/index.php\/wp-json\/wp\/v2\/pages\/9082\/revisions\/9090"}],"wp:attachment":[{"href":"https:\/\/staging.laatomica.com.ar\/index.php\/wp-json\/wp\/v2\/media?parent=9082"}],"curies":[{"name":"wp","href":"https:\/\/api.w.org\/{rel}","templated":true}]}}