{"id":9091,"date":"2018-07-07T18:52:39","date_gmt":"2018-07-07T18:52:39","guid":{"rendered":"https:\/\/laatomica.com.ar\/?page_id=9091"},"modified":"2018-07-07T19:14:53","modified_gmt":"2018-07-07T19:14:53","slug":"carrocerias-todo-puertas","status":"publish","type":"page","link":"https:\/\/staging.laatomica.com.ar\/index.php\/carrocerias-todo-puertas\/","title":{"rendered":"Carrocer\u00edas todo puertas"},"content":{"rendered":"<p>[vc_row][vc_column][vc_column_text]<\/p>\n<blockquote><p>Carrocer\u00edas todo puertas<\/p><\/blockquote>\n<p>Las carrocer\u00edas todo puertas permiten cargas de cereales a granel, cargas generales y paletizado. Son ideales para transporte de distintos tipo de productos.<\/p>\n<p>Estas unidades son construidas a medidas de cada tipo de cami\u00f3n, incluyendo accesorios como caj\u00f3n de herramientas, tanque de agua, guardabarros con gomas barreras, instalaci\u00f3n de luces, arcos porta lonas, hierros de atar lonas, puertas trasera libro con puertitas, pinturas a selecci\u00f3n del cliente y colocaci\u00f3n.<\/p>\n<p>Proveemos adicionales como: enganche a el\u00e1stico para acoplados, porta-auxiliar, compartimiento, paragolpe trasero.[\/vc_column_text][\/vc_column][\/vc_row][vc_row][vc_column][vc_text_separator title=\u00bbCarrocer\u00edas todo puertas\u00bb i_icon_fontawesome=\u00bbfa fa-cogs\u00bb i_color=\u00bbcustom\u00bb add_icon=\u00bbtrue\u00bb i_custom_color=\u00bb#52b256&#8243;][\/vc_column][\/vc_row][vc_row][vc_column][vc_media_grid grid_id=\u00bbvc_gid:1530990642806-3a35340e-3cb2-2&#8243; include=\u00bb9095,9096,9098,9099,9100,9101,9102,9103,9104,9105,9106,9107,9108,9109&#8243;][\/vc_column][\/vc_row]<\/p>\n","protected":false},"excerpt":{"rendered":"<p>[vc_row][vc_column][vc_column_text] Carrocer\u00edas todo puertas Las carrocer\u00edas todo puertas permiten cargas de cereales a granel, cargas generales y paletizado. Son ideales para transporte de distintos tipo de productos. Estas unidades son construidas a medidas de cada tipo de cami\u00f3n, incluyendo accesorios como caj\u00f3n de herramientas, tanque de agua, guardabarros con gomas barreras, instalaci\u00f3n de luces, arcos [&hellip;]<\/p>\n","protected":false},"author":1,"featured_media":0,"parent":0,"menu_order":0,"comment_status":"closed","ping_status":"closed","template":"","meta":[],"_links":{"self":[{"href":"https:\/\/staging.laatomica.com.ar\/index.php\/wp-json\/wp\/v2\/pages\/9091"}],"collection":[{"href":"https:\/\/staging.laatomica.com.ar\/index.php\/wp-json\/wp\/v2\/pages"}],"about":[{"href":"https:\/\/staging.laatomica.com.ar\/index.php\/wp-json\/wp\/v2\/types\/page"}],"author":[{"embeddable":true,"href":"https:\/\/staging.laatomica.com.ar\/index.php\/wp-json\/wp\/v2\/users\/1"}],"replies":[{"embeddable":true,"href":"https:\/\/staging.laatomica.com.ar\/index.php\/wp-json\/wp\/v2\/comments?post=9091"}],"version-history":[{"count":5,"href":"https:\/\/staging.laatomica.com.ar\/index.php\/wp-json\/wp\/v2\/pages\/9091\/revisions"}],"predecessor-version":[{"id":9110,"href":"https:\/\/staging.laatomica.com.ar\/index.php\/wp-json\/wp\/v2\/pages\/9091\/revisions\/9110"}],"wp:attachment":[{"href":"https:\/\/staging.laatomica.com.ar\/index.php\/wp-json\/wp\/v2\/media?parent=9091"}],"curies":[{"name":"wp","href":"https:\/\/api.w.org\/{rel}","templated":true}]}}