{"id":9111,"date":"2018-07-07T19:16:17","date_gmt":"2018-07-07T19:16:17","guid":{"rendered":"https:\/\/laatomica.com.ar\/?page_id=9111"},"modified":"2018-07-07T19:22:30","modified_gmt":"2018-07-07T19:22:30","slug":"carrocerias-todos-puertas-mixta","status":"publish","type":"page","link":"https:\/\/staging.laatomica.com.ar\/index.php\/carrocerias-todos-puertas-mixta\/","title":{"rendered":"Carrocer\u00edas todos puertas-mixta"},"content":{"rendered":"<p>[vc_row][vc_column][vc_column_text]<\/p>\n<blockquote><p>Carrocer\u00edas todo puertas mixta<\/p><\/blockquote>\n<p>Las carrocer\u00edas para camiones de distintas marcas todo puertas-mixta permiten cargas de cereales a granel, paletizado y de ganado en pie. Son ideales para transportar una amplia gama de productos y as\u00ed veneficiar a sus clientes.<\/p>\n<p>Estas unidades son construidas a medidas de cada tipo de cami\u00f3n, incluyendo accesorios como caj\u00f3n de herramientas, tanque de agua, guardabarros con gomas barreras, instalaci\u00f3n de luces, arcos porta lonas, hierros de atar lonas, enrejado de piso, puertas trasera guillotina, pinturas a selecci\u00f3n del cliente y colocaci\u00f3n.<\/p>\n<p>Proveemos adicionales como: enganche a el\u00e1stico para acoplados, porta-auxiliar, compartimiento, y paragolpe trasero.[\/vc_column_text][\/vc_column][\/vc_row][vc_row][vc_column][vc_text_separator title=\u00bbCarrocer\u00edas todo puertas-mixta\u00bb i_icon_fontawesome=\u00bbfa fa-cogs\u00bb i_color=\u00bbcustom\u00bb add_icon=\u00bbtrue\u00bb i_custom_color=\u00bb#52b256&#8243;][\/vc_column][\/vc_row][vc_row][vc_column][vc_media_grid grid_id=\u00bbvc_gid:1530991069045-24caa86c-3092-2&#8243; include=\u00bb9114,9115,9116,9117,9118,9119,9120,9121,9122,9123,9124,9125,9126,9127,9128,9129,9130,9131,9132,9133,9134,9135,9136&#8243;][\/vc_column][\/vc_row]<\/p>\n","protected":false},"excerpt":{"rendered":"<p>[vc_row][vc_column][vc_column_text] Carrocer\u00edas todo puertas mixta Las carrocer\u00edas para camiones de distintas marcas todo puertas-mixta permiten cargas de cereales a granel, paletizado y de ganado en pie. Son ideales para transportar una amplia gama de productos y as\u00ed veneficiar a sus clientes. Estas unidades son construidas a medidas de cada tipo de cami\u00f3n, incluyendo accesorios como [&hellip;]<\/p>\n","protected":false},"author":1,"featured_media":0,"parent":0,"menu_order":0,"comment_status":"closed","ping_status":"closed","template":"","meta":[],"_links":{"self":[{"href":"https:\/\/staging.laatomica.com.ar\/index.php\/wp-json\/wp\/v2\/pages\/9111"}],"collection":[{"href":"https:\/\/staging.laatomica.com.ar\/index.php\/wp-json\/wp\/v2\/pages"}],"about":[{"href":"https:\/\/staging.laatomica.com.ar\/index.php\/wp-json\/wp\/v2\/types\/page"}],"author":[{"embeddable":true,"href":"https:\/\/staging.laatomica.com.ar\/index.php\/wp-json\/wp\/v2\/users\/1"}],"replies":[{"embeddable":true,"href":"https:\/\/staging.laatomica.com.ar\/index.php\/wp-json\/wp\/v2\/comments?post=9111"}],"version-history":[{"count":3,"href":"https:\/\/staging.laatomica.com.ar\/index.php\/wp-json\/wp\/v2\/pages\/9111\/revisions"}],"predecessor-version":[{"id":9137,"href":"https:\/\/staging.laatomica.com.ar\/index.php\/wp-json\/wp\/v2\/pages\/9111\/revisions\/9137"}],"wp:attachment":[{"href":"https:\/\/staging.laatomica.com.ar\/index.php\/wp-json\/wp\/v2\/media?parent=9111"}],"curies":[{"name":"wp","href":"https:\/\/api.w.org\/{rel}","templated":true}]}}