{"id":9138,"date":"2018-07-07T19:23:38","date_gmt":"2018-07-07T19:23:38","guid":{"rendered":"https:\/\/laatomica.com.ar\/?page_id=9138"},"modified":"2018-07-07T19:27:57","modified_gmt":"2018-07-07T19:27:57","slug":"carrocerias-cerealeras-mixta","status":"publish","type":"page","link":"https:\/\/staging.laatomica.com.ar\/index.php\/carrocerias-cerealeras-mixta\/","title":{"rendered":"Carrocer\u00edas cerealeras mixta"},"content":{"rendered":"<p>[vc_row][vc_column][vc_column_text]<\/p>\n<blockquote><p>Fabricamos carrocerias cerealeras mixtas<\/p><\/blockquote>\n<p>Las carrocer\u00edas para camiones cerealera-mixta permiten cargas de cereales a granel y de ganado a pie. Son ideales para transporte en zonas agr\u00edcola-ganadera del pa\u00eds.<\/p>\n<p>Estas unidades son construidas a medidas de cada tipo de cami\u00f3n, incluyendo accesorios como caj\u00f3n de herramientas, tanque de agua, guardabarros con gomas barreras, instalaci\u00f3n de luces, arcos porta lonas, hierros de atar lonas, enrejado de piso, puertas trasera guillotina con puertitas, pinturas a selecci\u00f3n del cliente y colocaci\u00f3n.<\/p>\n<p>Proveemos adicionales como: enganche a el\u00e1stico para acoplados, porta-auxiliar, compartimiento, paragolpe trasero.[\/vc_column_text][\/vc_column][\/vc_row][vc_row][vc_column][vc_text_separator title=\u00bbCerealeras mixtas\u00bb i_icon_fontawesome=\u00bbfa fa-cogs\u00bb i_color=\u00bbcustom\u00bb add_icon=\u00bbtrue\u00bb i_custom_color=\u00bb#52b256&#8243;][\/vc_column][\/vc_row][vc_row][vc_column][vc_media_grid grid_id=\u00bbvc_gid:1530991573881-d67a9625-669f-7&#8243; include=\u00bb9143,9144,9145&#8243;][\/vc_column][\/vc_row]<\/p>\n","protected":false},"excerpt":{"rendered":"<p>[vc_row][vc_column][vc_column_text] Fabricamos carrocerias cerealeras mixtas Las carrocer\u00edas para camiones cerealera-mixta permiten cargas de cereales a granel y de ganado a pie. Son ideales para transporte en zonas agr\u00edcola-ganadera del pa\u00eds. Estas unidades son construidas a medidas de cada tipo de cami\u00f3n, incluyendo accesorios como caj\u00f3n de herramientas, tanque de agua, guardabarros con gomas barreras, instalaci\u00f3n [&hellip;]<\/p>\n","protected":false},"author":1,"featured_media":0,"parent":0,"menu_order":0,"comment_status":"closed","ping_status":"closed","template":"","meta":[],"_links":{"self":[{"href":"https:\/\/staging.laatomica.com.ar\/index.php\/wp-json\/wp\/v2\/pages\/9138"}],"collection":[{"href":"https:\/\/staging.laatomica.com.ar\/index.php\/wp-json\/wp\/v2\/pages"}],"about":[{"href":"https:\/\/staging.laatomica.com.ar\/index.php\/wp-json\/wp\/v2\/types\/page"}],"author":[{"embeddable":true,"href":"https:\/\/staging.laatomica.com.ar\/index.php\/wp-json\/wp\/v2\/users\/1"}],"replies":[{"embeddable":true,"href":"https:\/\/staging.laatomica.com.ar\/index.php\/wp-json\/wp\/v2\/comments?post=9138"}],"version-history":[{"count":5,"href":"https:\/\/staging.laatomica.com.ar\/index.php\/wp-json\/wp\/v2\/pages\/9138\/revisions"}],"predecessor-version":[{"id":9146,"href":"https:\/\/staging.laatomica.com.ar\/index.php\/wp-json\/wp\/v2\/pages\/9138\/revisions\/9146"}],"wp:attachment":[{"href":"https:\/\/staging.laatomica.com.ar\/index.php\/wp-json\/wp\/v2\/media?parent=9138"}],"curies":[{"name":"wp","href":"https:\/\/api.w.org\/{rel}","templated":true}]}}