{"id":9147,"date":"2018-07-07T19:29:06","date_gmt":"2018-07-07T19:29:06","guid":{"rendered":"https:\/\/laatomica.com.ar\/?page_id=9147"},"modified":"2018-07-07T19:35:26","modified_gmt":"2018-07-07T19:35:26","slug":"carrocerias-barandas-volcables","status":"publish","type":"page","link":"https:\/\/staging.laatomica.com.ar\/index.php\/carrocerias-barandas-volcables\/","title":{"rendered":"Carrocer\u00edas barandas volcables"},"content":{"rendered":"<p>[vc_row][vc_column][vc_column_text]<\/p>\n<blockquote><p>Fabricamos tu carrocer\u00eda barandas volcables<\/p><\/blockquote>\n<p>Las carrocer\u00edas\u00a0<strong>barandas volcables<\/strong>\u00a0permiten cargas de cereales a granel, paletizado y cargas generales. Son ideales para el transporte en zonas donde la producci\u00f3n es variada y permite distintas posibilidades para beneficio del cliente.<\/p>\n<p>Estas unidades son construidas a medidas de cada tipo de cami\u00f3n, incluyendo guardalonas y accesorios como caj\u00f3n de herramientas, tanque de agua, guarda-barros con gomas barreras, instalaci\u00f3n de luces, arcos porta lonas, hierros de atar lonas, puerta trasera libro con puertitas, pinturas a selecci\u00f3n del cliente y colocaci\u00f3n.<\/p>\n<p>Proveemos adicionales como: enganche el\u00e1stico para acoplados, porta-auxiliar, compartimiento y paragolpe trasero.[\/vc_column_text][\/vc_column][\/vc_row][vc_row][vc_column][vc_text_separator title=\u00bbCarrocer\u00edas barandas volcables\u00bb i_icon_fontawesome=\u00bbfa fa-cogs\u00bb i_color=\u00bbcustom\u00bb add_icon=\u00bbtrue\u00bb i_custom_color=\u00bb#52b256&#8243;][\/vc_column][\/vc_row][vc_row][vc_column][vc_media_grid grid_id=\u00bbvc_gid:1530991858143-6524969b-5bf5-10&#8243; include=\u00bb9151,9152,9153,9154,9155,9156,9157,9158,9159,9160,9161,9162,9163,9164,9165,9166,9167,9168,9169,9170,9171,9172,9173,9174,9175,9176,9177,9178,9179,9180,9181,9182,9183,9184,9185,9186&#8243;][\/vc_column][\/vc_row]<\/p>\n","protected":false},"excerpt":{"rendered":"<p>[vc_row][vc_column][vc_column_text] Fabricamos tu carrocer\u00eda barandas volcables Las carrocer\u00edas\u00a0barandas volcables\u00a0permiten cargas de cereales a granel, paletizado y cargas generales. Son ideales para el transporte en zonas donde la producci\u00f3n es variada y permite distintas posibilidades para beneficio del cliente. Estas unidades son construidas a medidas de cada tipo de cami\u00f3n, incluyendo guardalonas y accesorios como caj\u00f3n [&hellip;]<\/p>\n","protected":false},"author":1,"featured_media":0,"parent":0,"menu_order":0,"comment_status":"closed","ping_status":"closed","template":"","meta":[],"_links":{"self":[{"href":"https:\/\/staging.laatomica.com.ar\/index.php\/wp-json\/wp\/v2\/pages\/9147"}],"collection":[{"href":"https:\/\/staging.laatomica.com.ar\/index.php\/wp-json\/wp\/v2\/pages"}],"about":[{"href":"https:\/\/staging.laatomica.com.ar\/index.php\/wp-json\/wp\/v2\/types\/page"}],"author":[{"embeddable":true,"href":"https:\/\/staging.laatomica.com.ar\/index.php\/wp-json\/wp\/v2\/users\/1"}],"replies":[{"embeddable":true,"href":"https:\/\/staging.laatomica.com.ar\/index.php\/wp-json\/wp\/v2\/comments?post=9147"}],"version-history":[{"count":4,"href":"https:\/\/staging.laatomica.com.ar\/index.php\/wp-json\/wp\/v2\/pages\/9147\/revisions"}],"predecessor-version":[{"id":9187,"href":"https:\/\/staging.laatomica.com.ar\/index.php\/wp-json\/wp\/v2\/pages\/9147\/revisions\/9187"}],"wp:attachment":[{"href":"https:\/\/staging.laatomica.com.ar\/index.php\/wp-json\/wp\/v2\/media?parent=9147"}],"curies":[{"name":"wp","href":"https:\/\/api.w.org\/{rel}","templated":true}]}}