{"id":9188,"date":"2018-07-07T19:37:38","date_gmt":"2018-07-07T19:37:38","guid":{"rendered":"https:\/\/laatomica.com.ar\/?page_id=9188"},"modified":"2018-07-07T19:41:34","modified_gmt":"2018-07-07T19:41:34","slug":"carrocerias-para-acoplados-barandas-volcables-mixta","status":"publish","type":"page","link":"https:\/\/staging.laatomica.com.ar\/index.php\/carrocerias-para-acoplados-barandas-volcables-mixta\/","title":{"rendered":"Carrocer\u00edas para acoplados barandas volcables mixta"},"content":{"rendered":"<p>[vc_row][vc_column][vc_column_text]<\/p>\n<blockquote><p>Fabricamos tu carrocer\u00eda para acoplado<\/p><\/blockquote>\n<p>Este nuevo modelo de carrocer\u00eda para acoplado fue constru\u00eddo dado a los constantes pedidos de nuestros clientes, ampliando de esta forma las posibilidades de carga, tanto en lo que hace al ganado en pie, cereales a granel, paletizado y cargas generales. Para transportar casi todo en una carrocer\u00eda.<\/p>\n<p>Estos carrozados son construidos sobre plataformas de acoplados de distintas marcas, incluyendo accesorios como, arcos porta lonas, hierros de atar lonas, enrejado de piso, puertas trasera y delantera guillotina, cerramientos con tablas de costado y color de pintura a selecci\u00f3n del cliente.[\/vc_column_text][\/vc_column][\/vc_row][vc_row][vc_column][vc_text_separator title=\u00bbCarrocer\u00edas para acoplados barandas volcables mixta\u00bb i_icon_fontawesome=\u00bbfa fa-cogs\u00bb i_color=\u00bbcustom\u00bb add_icon=\u00bbtrue\u00bb i_custom_color=\u00bb#52b256&#8243;][\/vc_column][\/vc_row][vc_row][vc_column][vc_media_grid grid_id=\u00bbvc_gid:1530992386298-db0cafa2-e294-2&#8243; include=\u00bb9192,9193,9194,9195&#8243;][\/vc_column][\/vc_row]<\/p>\n","protected":false},"excerpt":{"rendered":"<p>[vc_row][vc_column][vc_column_text] Fabricamos tu carrocer\u00eda para acoplado Este nuevo modelo de carrocer\u00eda para acoplado fue constru\u00eddo dado a los constantes pedidos de nuestros clientes, ampliando de esta forma las posibilidades de carga, tanto en lo que hace al ganado en pie, cereales a granel, paletizado y cargas generales. Para transportar casi todo en una carrocer\u00eda. Estos [&hellip;]<\/p>\n","protected":false},"author":1,"featured_media":0,"parent":0,"menu_order":0,"comment_status":"closed","ping_status":"closed","template":"","meta":[],"_links":{"self":[{"href":"https:\/\/staging.laatomica.com.ar\/index.php\/wp-json\/wp\/v2\/pages\/9188"}],"collection":[{"href":"https:\/\/staging.laatomica.com.ar\/index.php\/wp-json\/wp\/v2\/pages"}],"about":[{"href":"https:\/\/staging.laatomica.com.ar\/index.php\/wp-json\/wp\/v2\/types\/page"}],"author":[{"embeddable":true,"href":"https:\/\/staging.laatomica.com.ar\/index.php\/wp-json\/wp\/v2\/users\/1"}],"replies":[{"embeddable":true,"href":"https:\/\/staging.laatomica.com.ar\/index.php\/wp-json\/wp\/v2\/comments?post=9188"}],"version-history":[{"count":4,"href":"https:\/\/staging.laatomica.com.ar\/index.php\/wp-json\/wp\/v2\/pages\/9188\/revisions"}],"predecessor-version":[{"id":9196,"href":"https:\/\/staging.laatomica.com.ar\/index.php\/wp-json\/wp\/v2\/pages\/9188\/revisions\/9196"}],"wp:attachment":[{"href":"https:\/\/staging.laatomica.com.ar\/index.php\/wp-json\/wp\/v2\/media?parent=9188"}],"curies":[{"name":"wp","href":"https:\/\/api.w.org\/{rel}","templated":true}]}}