{"id":9216,"date":"2018-07-07T19:55:26","date_gmt":"2018-07-07T19:55:26","guid":{"rendered":"https:\/\/laatomica.com.ar\/?page_id=9216"},"modified":"2023-06-05T15:51:27","modified_gmt":"2023-06-05T18:51:27","slug":"conjuntos-la-atomica-randon","status":"publish","type":"page","link":"https:\/\/staging.laatomica.com.ar\/index.php\/conjuntos-la-atomica-randon\/","title":{"rendered":"Conjuntos La At\u00f3mica &#8211; Randon"},"content":{"rendered":"\t\t<div data-elementor-type=\"wp-page\" data-elementor-id=\"9216\" class=\"elementor elementor-9216\">\n\t\t\t\t\t\t<div class=\"elementor-inner\">\n\t\t\t\t<div class=\"elementor-section-wrap\">\n\t\t\t\t\t\t\t\t\t<section class=\"elementor-section elementor-top-section elementor-element elementor-element-1041f90b elementor-section-boxed elementor-section-height-default elementor-section-height-default\" data-id=\"1041f90b\" data-element_type=\"section\">\n\t\t\t\t\t\t<div class=\"elementor-container elementor-column-gap-default\">\n\t\t\t\t\t\t\t<div class=\"elementor-row\">\n\t\t\t\t\t<div class=\"elementor-column elementor-col-100 elementor-top-column elementor-element elementor-element-bcac711\" data-id=\"bcac711\" data-element_type=\"column\">\n\t\t\t<div class=\"elementor-column-wrap elementor-element-populated\">\n\t\t\t\t\t\t\t<div class=\"elementor-widget-wrap\">\n\t\t\t\t\t\t<div class=\"elementor-element elementor-element-14ce6e3b elementor-widget elementor-widget-text-editor\" data-id=\"14ce6e3b\" data-element_type=\"widget\" data-widget_type=\"text-editor.default\">\n\t\t\t\t<div class=\"elementor-widget-container\">\n\t\t\t\t\t\t\t\t<div class=\"elementor-text-editor elementor-clearfix\">\n\t\t\t\tEn La At\u00f3mica, nos enorgullece combinar nuestras carrocer\u00edas personalizadas con los acoplados Randon, logrando un resultado de alta calidad y durabilidad.\r\n\r\nNuestra alianza comercial con Randon nos brinda acceso a acoplados y semirremolques con tecnolog\u00eda de vanguardia. Randon es reconocida a nivel mundial por su constante inversi\u00f3n en investigaci\u00f3n y desarrollo, lo que nos permite ofrecer a nuestros clientes productos con tecnolog\u00eda de \u00faltima generaci\u00f3n. Entre otras caracter\u00edsticas destacadas, Randon se preocupa por la seguridad y equipa sus unidades con frenos de \u00faltima generaci\u00f3n.\r\n\r\nAdem\u00e1s, todas nuestras unidades cuentan con garant\u00eda escrita y brindamos atenci\u00f3n a lo largo del pa\u00eds a trav\u00e9s de nuestra red de concesionarios.\r\n\r\nSobre esta s\u00f3lida base tecnol\u00f3gica, personalizamos nuestras carrocer\u00edas de acuerdo con los requisitos espec\u00edficos de cada cliente.\r\n\r\nLa At\u00f3mica &#8211; Randon representa sin duda una excelente combinaci\u00f3n entre tecnolog\u00eda de vanguardia y trabajos personalizados para satisfacer las necesidades de nuestros clientes exigentes.\t\t\t\t\t<\/div>\n\t\t\t\t\t\t<\/div>\n\t\t\t\t<\/div>\n\t\t\t\t\t\t<\/div>\n\t\t\t\t\t<\/div>\n\t\t<\/div>\n\t\t\t\t\t\t\t\t<\/div>\n\t\t\t\t\t<\/div>\n\t\t<\/section>\n\t\t\t\t<section class=\"elementor-section elementor-top-section elementor-element elementor-element-ffa564c elementor-section-boxed elementor-section-height-default elementor-section-height-default\" data-id=\"ffa564c\" data-element_type=\"section\">\n\t\t\t\t\t\t<div class=\"elementor-container elementor-column-gap-default\">\n\t\t\t\t\t\t\t<div class=\"elementor-row\">\n\t\t\t\t\t<div class=\"elementor-column elementor-col-100 elementor-top-column elementor-element elementor-element-6136035\" data-id=\"6136035\" data-element_type=\"column\">\n\t\t\t<div class=\"elementor-column-wrap elementor-element-populated\">\n\t\t\t\t\t\t\t<div class=\"elementor-widget-wrap\">\n\t\t\t\t\t\t<div class=\"elementor-element elementor-element-504c733 elementor-arrows-position-inside elementor-pagination-position-outside elementor-widget elementor-widget-image-carousel\" data-id=\"504c733\" data-element_type=\"widget\" data-settings=\"{&quot;slides_to_show&quot;:&quot;2&quot;,&quot;navigation&quot;:&quot;both&quot;,&quot;autoplay&quot;:&quot;yes&quot;,&quot;pause_on_hover&quot;:&quot;yes&quot;,&quot;pause_on_interaction&quot;:&quot;yes&quot;,&quot;autoplay_speed&quot;:5000,&quot;infinite&quot;:&quot;yes&quot;,&quot;speed&quot;:500}\" data-widget_type=\"image-carousel.default\">\n\t\t\t\t<div class=\"elementor-widget-container\">\n\t\t\t\t\t<div class=\"elementor-image-carousel-wrapper swiper-container\" dir=\"ltr\">\n\t\t\t<div class=\"elementor-image-carousel swiper-wrapper\">\n\t\t\t\t\t\t\t\t<div class=\"swiper-slide\"><figure class=\"swiper-slide-inner\"><img decoding=\"async\" class=\"swiper-slide-image\" src=\"https:\/\/staging.laatomica.com.ar\/wp-content\/uploads\/2018\/07\/Equipo_Todo_puertas_mixto-150x150.jpg\" alt=\"Conjuntos\" \/><\/figure><\/div><div class=\"swiper-slide\"><figure class=\"swiper-slide-inner\"><img decoding=\"async\" class=\"swiper-slide-image\" src=\"https:\/\/staging.laatomica.com.ar\/wp-content\/uploads\/2018\/07\/Equipo_barandas_volcables-150x150.png\" alt=\"Conjuntos completos\" \/><\/figure><\/div>\t\t\t<\/div>\n\t\t\t\t\t\t\t\t\t\t\t\t<div class=\"swiper-pagination\"><\/div>\n\t\t\t\t\t\t\t\t\t\t\t\t\t<div class=\"elementor-swiper-button elementor-swiper-button-prev\" role=\"button\" tabindex=\"0\">\n\t\t\t\t\t\t<i aria-hidden=\"true\" class=\"eicon-chevron-left\"><\/i>\t\t\t\t\t\t<span class=\"elementor-screen-only\">Imagen anterior<\/span>\n\t\t\t\t\t<\/div>\n\t\t\t\t\t<div class=\"elementor-swiper-button elementor-swiper-button-next\" role=\"button\" tabindex=\"0\">\n\t\t\t\t\t\t<i aria-hidden=\"true\" class=\"eicon-chevron-right\"><\/i>\t\t\t\t\t\t<span class=\"elementor-screen-only\">Imagen siguiente<\/span>\n\t\t\t\t\t<\/div>\n\t\t\t\t\t\t\t\t\t<\/div>\n\t\t\t\t<\/div>\n\t\t\t\t<\/div>\n\t\t\t\t\t\t<\/div>\n\t\t\t\t\t<\/div>\n\t\t<\/div>\n\t\t\t\t\t\t\t\t<\/div>\n\t\t\t\t\t<\/div>\n\t\t<\/section>\n\t\t\t\t\t\t\t\t\t<\/div>\n\t\t\t<\/div>\n\t\t\t\t\t<\/div>\n\t\t","protected":false},"excerpt":{"rendered":"<p>En La At\u00f3mica, nos enorgullece combinar nuestras carrocer\u00edas personalizadas con los acoplados Randon, logrando un resultado de alta calidad y durabilidad. Nuestra alianza comercial con Randon nos brinda acceso a acoplados y semirremolques con tecnolog\u00eda de vanguardia. Randon es reconocida a nivel mundial por su constante inversi\u00f3n en investigaci\u00f3n y desarrollo, lo que nos permite [&hellip;]<\/p>\n","protected":false},"author":1,"featured_media":9220,"parent":0,"menu_order":0,"comment_status":"closed","ping_status":"closed","template":"","meta":[],"_links":{"self":[{"href":"https:\/\/staging.laatomica.com.ar\/index.php\/wp-json\/wp\/v2\/pages\/9216"}],"collection":[{"href":"https:\/\/staging.laatomica.com.ar\/index.php\/wp-json\/wp\/v2\/pages"}],"about":[{"href":"https:\/\/staging.laatomica.com.ar\/index.php\/wp-json\/wp\/v2\/types\/page"}],"author":[{"embeddable":true,"href":"https:\/\/staging.laatomica.com.ar\/index.php\/wp-json\/wp\/v2\/users\/1"}],"replies":[{"embeddable":true,"href":"https:\/\/staging.laatomica.com.ar\/index.php\/wp-json\/wp\/v2\/comments?post=9216"}],"version-history":[{"count":11,"href":"https:\/\/staging.laatomica.com.ar\/index.php\/wp-json\/wp\/v2\/pages\/9216\/revisions"}],"predecessor-version":[{"id":9572,"href":"https:\/\/staging.laatomica.com.ar\/index.php\/wp-json\/wp\/v2\/pages\/9216\/revisions\/9572"}],"wp:featuredmedia":[{"embeddable":true,"href":"https:\/\/staging.laatomica.com.ar\/index.php\/wp-json\/wp\/v2\/media\/9220"}],"wp:attachment":[{"href":"https:\/\/staging.laatomica.com.ar\/index.php\/wp-json\/wp\/v2\/media?parent=9216"}],"curies":[{"name":"wp","href":"https:\/\/api.w.org\/{rel}","templated":true}]}}